{"id":28715,"date":"2023-06-14T16:10:59","date_gmt":"2023-06-14T14:10:59","guid":{"rendered":"https:\/\/www.cirrus-shield.fr\/?page_id=28715"},"modified":"2025-10-06T08:04:46","modified_gmt":"2025-10-06T06:04:46","slug":"free-documents-for-training-organizations","status":"publish","type":"page","link":"https:\/\/www.cirrus-shield.fr\/en\/free-documents-for-training-organizations\/","title":{"rendered":"Free Templates for Training Providers"},"content":{"rendered":"<p>[et_pb_section fb_built=&#8221;1&#8243; _builder_version=&#8221;4.21.0&#8243; _module_preset=&#8221;default&#8221; background_image=&#8221;https:\/\/www.cirrus-shield.fr\/wp-content\/uploads\/2023\/04\/Cirrus-Shield-website-29.png&#8221; global_colors_info=&#8221;{}&#8221;][et_pb_row _builder_version=&#8221;4.21.0&#8243; _module_preset=&#8221;default&#8221; global_colors_info=&#8221;{}&#8221;][et_pb_column type=&#8221;4_4&#8243; _builder_version=&#8221;4.21.0&#8243; _module_preset=&#8221;default&#8221; global_colors_info=&#8221;{}&#8221;][et_pb_text _builder_version=&#8221;4.27.4&#8243; _module_preset=&#8221;default&#8221; text_font=&#8221;Inter||||||||&#8221; text_text_color=&#8221;#FFFFFF&#8221; text_font_size=&#8221;35px&#8221; text_line_height=&#8221;1.5em&#8221; header_text_color=&#8221;#FFFFFF&#8221; header_font_size=&#8221;39px&#8221; header_line_height=&#8221;1.2em&#8221; header_2_font=&#8221;Inter||||||||&#8221; header_2_text_color=&#8221;#FFFFFF&#8221; header_2_line_height=&#8221;1.3em&#8221; hover_enabled=&#8221;0&#8243; global_colors_info=&#8221;{}&#8221; sticky_enabled=&#8221;0&#8243;]<\/p>\n<div class=\"group w-full text-gray-800 dark:text-gray-100 border-b border-black\/10 dark:border-gray-900\/50 bg-gray-50 dark:bg-[#444654]\">\n<div class=\"flex p-4 gap-4 text-base md:gap-6 md:max-w-2xl lg:max-w-[38rem] xl:max-w-3xl md:py-6 lg:px-0 m-auto\">\n<div class=\"relative flex w-[calc(100%-50px)] flex-col gap-1 md:gap-3 lg:w-[calc(100%-115px)]\">\n<div class=\"flex flex-grow flex-col gap-3\">\n<div class=\"min-h-[20px] flex flex-col items-start gap-4 whitespace-pre-wrap break-words\">\n<div class=\"markdown prose w-full break-words dark:prose-invert light\">\n<h1 style=\"text-align: center;\"><strong>Download our free Cirrus Shield documents for your training organization.<\/strong><\/h1>\n<\/div>\n<\/div>\n<\/div>\n<\/div>\n<\/div>\n<\/div>\n<p>[\/et_pb_text][\/et_pb_column][\/et_pb_row][\/et_pb_section][et_pb_section fb_built=&#8221;1&#8243; _builder_version=&#8221;4.21.0&#8243; _module_preset=&#8221;default&#8221; global_colors_info=&#8221;{}&#8221;][et_pb_row _builder_version=&#8221;4.21.0&#8243; _module_preset=&#8221;default&#8221; global_colors_info=&#8221;{}&#8221;][et_pb_column type=&#8221;4_4&#8243; _builder_version=&#8221;4.21.0&#8243; _module_preset=&#8221;default&#8221; global_colors_info=&#8221;{}&#8221;][et_pb_text _builder_version=&#8221;4.21.0&#8243; _module_preset=&#8221;default&#8221; global_colors_info=&#8221;{}&#8221;]            <form id=\"cssignup_form_22\" method=\"post\" class=\"cssignup_form\" enctype=\"multipart\/form-data\">\r\n                <div class=\"csloader\" style=\"display:none;\"><img decoding=\"async\" src=\"https:\/\/www.cirrus-shield.fr\/wp-includes\/\/images\/spinner.gif\" alt=\"loader\"><\/div>\r\n                <input type=\"hidden\" name=\"csform_action\" value=\"cs_form_submit\">\r\n                <input type=\"hidden\" name=\"csform_id\" value=\"22\">\r\n                <input type=\"hidden\" name=\"moduleID\" value=\"Lead\">\r\n                <input type=\"hidden\" name=\"csform_alert_notice\" value=\"Merci de remplir ce champ\">\r\n                <div class=\"cssignup_box_inside_22\">\r\n                    <div style=\"\/*display:none*\/\" class=\"csmsg_disp\">\r\n                    <\/div>\r\n                    <p style = \"display:none\" class=\"cs-Visiteur-area\"> \r\n    <input id= \"VisiteurValue\" type=\"text\" class=\"cs-Visiteur-area\" name=\"Visiteur\" placeholder=\"\" > \r\n\r\n<\/p>\r\n<div class=\"rang-form\">\r\n<div class=\"demi-colonne\"> \r\n    <input type=\"text\" class=\"cs-First_Name-area\" name=\"First_Name\" placeholder=\"Name*\" required=\"required\"> \r\n<\/div>\r\n<div class=\"demi-colonne\">  \r\n    <input type=\"text\" class=\"cs-Last_Name-area\" name=\"Last_Name\" required=\"required\" placeholder=\"Last name*\"> \r\n<\/div>\r\n<\/div>\r\n<div class=\"rang-form\">\r\n<div class=\"demi-colonne\">\r\n    <input type=\"email\" class=\"cs-Email-area\" name=\"Email\" value=\"\" required=\"required\" placeholder=\"Email*\" > \r\n<\/div>\r\n<div class=\"colonne\">\r\n<div class=\"rang-form\"> \r\n    <input type=\"checkbox\" class=\"cs-Souscription_Newsletter-area\" name=\"Souscription_Newsletter\" placeholder=\"\" value=\"1\"> \r\n<label class=\"cs-Souscription_Newsletter-area\"><span style=\"color:black!important;\">I agree to the Terms of Use and <a href=\"https:\/\/www.cirrus-shield.fr\/en\/privacy-policy\/\" style=\"color=black;\"><span style=\"color:blue!important;\">Privacy Policy<\/a>.<\/span><\/span><\/label>\r\n<\/div>\r\n<\/div>\r\n<div class=\"colonne\">\r\n<div class=\"rang-form\">\r\n<input type=\"submit\" class=\"cs-default-btn\" value=\"Download for free\">\r\n<\/div>\r\n<\/div>\r\n<div style=\"visibility: hidden; display: none\">  \r\n    <label class=\"cs-Lead_Origin-area\">Demande de d\u00e9mo<\/label> \r\n    <select class=\"cs-Lead_Origin-area\" name=\"Lead_Origin\" > \r\n <option value=\"Site_Web_Demande_de_demo\" selected>Site_Web_Demande_de_demo<\/option><\/select>\r\n<\/div> \r\n<script>\r\n \r\n window.addEventListener('load', function() {\r\n    function getCookie(name) {\r\n        let matches = document.cookie.match(new RegExp(\r\n        \"(?:^|; )\" + name.replace(\/([\\.$?*|{}\\(\\)\\[\\]\\\\\\\/\\+^])\/g, '\\\\$1') + \"=([^;]*)\"\r\n        ));\r\n        return matches ? decodeURIComponent(matches[1]) : undefined;\r\n    }\r\n\r\n    const uuidValue = getCookie(\"UUID\");\r\n\r\n    if (uuidValue !== null && uuidValue !== undefined && uuidValue.trim() !== \"\") {\r\n        const visitorElement = document.getElementById(\"VisiteurValue\");\r\n        if (visitorElement) {\r\n            visitorElement.value = uuidValue;\r\n        }\r\n    }\r\n\r\n});\r\n   \r\n\r\n<\/script>                <\/div>\r\n            <\/form>\r\n            <style>\r\n                #formulaire-responsive {\r\n\tmax-width:600px \/*-- \u00e0 modifier en fonction de la largeur d\u00e9sir\u00e9e --*\/;\r\n\tmargin:0 auto;\r\n        width:100%;\r\n}\r\n.rang-form {\r\n\twidth: 100%;\r\n}\r\n.demi-colonne, .colonne {\r\n\tfloat: left;\r\n\tposition: relative;\r\n    padding: 6px;\r\n\twidth:100%;\r\n\t-webkit-box-sizing: border-box;\r\n        -moz-box-sizing: border-box;\r\n        box-sizing: border-box\r\n}\r\n.clearfix:after {\r\n\tcontent: \"\";\r\n\tdisplay: table;\r\n\tclear: both;\r\n}\r\n\r\n\/**---------------- Media query ----------------**\/\r\n@media only screen and (min-width: 48em) { \r\n\t.demi-colonne {\r\n\t\twidth: 50%;\r\n    padding: 6px;\r\n\r\n\t}\r\n}\r\n\r\nform#cssignup_form_22 {\r\n    border:1px solid transparent;\r\n    border-radius: 3px;    padding: 5px;\r\n    -moz-box-sizing:border-box;\r\n    -webkit-box-sizing: border-box;\r\n    box-sizing: border-box;\r\n}\r\nform#cssignup_form_22 input[type=text],form#cssignup_form_22 input[type=email],form#cssignup_form_22 input[type=tel], form#cssignup_form_22 select {    border:1px solid transparent;\r\n    border-radius: 3px;\r\n    width: 100%;\r\n    border: 1px solid grey;\r\n    height: auto;\r\n    margin: 2px 0 0 0;\r\npadding: 8px;\r\n}\r\nform#cssignup_form_22 .cs-default-btn {\t\r\n    float: right;\r\n    margin: 5px 0;\r\n    padding: 6px 12px;\r\n    color:#FFFFFF;\r\n    background-color: #2DAA4F;\r\n    font-size: 14px;\r\n    font-weight:400;\r\n    line-height: 1.4285;\r\n    text-align: center;\r\n    cursor: pointer;\r\n    vertical-align: middle;\r\n    -webkit-user-select:none;\r\n    -moz-user-select:none;\r\n    -ms-user-select:none;\r\n    user-select:none;\r\n    white-space: normal;\r\n    border:1px solid transparent;\r\n    border-radius: 14px;\r\n}\r\n\r\n\r\nform].cs-Souscription_Newsletter-area{\r\ncolor:white!important\r\n}\r\n\r\n\r\nform#cssignup_form_22 .cs-default-btn:hover {\r\n    background-color: #46CC6B;\r\nbox-shadow: 0px 5px 20px #f4f4f4;\r\n}\r\nform#cssignup_form_22 p{\r\n    margin: 10px 0 0 0;\r\n}form#cssignup_form_22 p.cs-alert-message {\r\n    padding: 6px 12px;\r\n    margin-bottom: 20px;\r\n    border: 1px solid transparent;\r\n    border-radius: 4px;\r\n    -webkit-box-sizing: border-box;\r\n    -moz-box-sizing: border-box;\r\n    box-sizing: border-box;\r\n}\r\nform#cssignup_form_22 p.cs-alert-message-error {\r\n    background-color: #f2dede;\r\n    border-color: #ebccd1;\r\n    color: #a94442;\r\n}\r\nform#cssignup_form_22 p.cs-alert-message-success {\r\n    background-color: #dff0d8;\r\n    border-color: #d6e9c6;\r\n    color: #3c763d;\r\n}\r\nform#cssignup_form_22 p.cs-alert-message-warning {\r\n    background-color: #fcf8e3;\r\n    border-color: #faebcc;\r\n    color: #8a6d3b;\r\n}            <\/style>\r\n            [\/et_pb_text][\/et_pb_column][\/et_pb_row][\/et_pb_section]<\/p>\n","protected":false},"excerpt":{"rendered":"<p>Download our free Cirrus Shield documents for your training organization.             <form id=\"cssignup_form_22\" method=\"post\" class=\"cssignup_form\" enctype=\"multipart\/form-data\">\r\n                <div class=\"csloader\" style=\"display:none;\"><img decoding=\"async\" src=\"https:\/\/www.cirrus-shield.fr\/wp-includes\/\/images\/spinner.gif\" alt=\"loader\"><\/div>\r\n                <input type=\"hidden\" name=\"csform_action\" value=\"cs_form_submit\">\r\n                <input type=\"hidden\" name=\"csform_id\" value=\"22\">\r\n                <input type=\"hidden\" name=\"moduleID\" value=\"Lead\">\r\n                <input type=\"hidden\" name=\"csform_alert_notice\" value=\"Merci de remplir ce champ\">\r\n                <div class=\"cssignup_box_inside_22\">\r\n                    <div style=\"\/*display:none*\/\" class=\"csmsg_disp\">\r\n                    <\/div>\r\n                    <p style = \"display:none\" class=\"cs-Visiteur-area\"> \r\n    <input id= \"VisiteurValue\" type=\"text\" class=\"cs-Visiteur-area\" name=\"Visiteur\" placeholder=\"\" > \r\n\r\n<\/p>\r\n<div class=\"rang-form\">\r\n<div class=\"demi-colonne\"> \r\n    <input type=\"text\" class=\"cs-First_Name-area\" name=\"First_Name\" placeholder=\"Name*\" required=\"required\"> \r\n<\/div>\r\n<div class=\"demi-colonne\">  \r\n    <input type=\"text\" class=\"cs-Last_Name-area\" name=\"Last_Name\" required=\"required\" placeholder=\"Last name*\"> \r\n<\/div>\r\n<\/div>\r\n<div class=\"rang-form\">\r\n<div class=\"demi-colonne\">\r\n    <input type=\"email\" class=\"cs-Email-area\" name=\"Email\" value=\"\" required=\"required\" placeholder=\"Email*\" > \r\n<\/div>\r\n<div class=\"colonne\">\r\n<div class=\"rang-form\"> \r\n    <input type=\"checkbox\" class=\"cs-Souscription_Newsletter-area\" name=\"Souscription_Newsletter\" placeholder=\"\" value=\"1\"> \r\n<label class=\"cs-Souscription_Newsletter-area\"><span style=\"color:black!important;\">I agree to the Terms of Use and <a href=\"https:\/\/www.cirrus-shield.fr\/en\/privacy-policy\/\" style=\"color=black;\"><span style=\"color:blue!important;\">Privacy Policy<\/a>.<\/span><\/span><\/label>\r\n<\/div>\r\n<\/div>\r\n<div class=\"colonne\">\r\n<div class=\"rang-form\">\r\n<input type=\"submit\" class=\"cs-default-btn\" value=\"Download for free\">\r\n<\/div>\r\n<\/div>\r\n<div style=\"visibility: hidden; display: none\">  \r\n    <label class=\"cs-Lead_Origin-area\">Demande de d\u00e9mo<\/label> \r\n    <select class=\"cs-Lead_Origin-area\" name=\"Lead_Origin\" > \r\n <option value=\"Site_Web_Demande_de_demo\" selected>Site_Web_Demande_de_demo<\/option><\/select>\r\n<\/div> \r\n<script>\r\n \r\n window.addEventListener('load', function() {\r\n    function getCookie(name) {\r\n        let matches = document.cookie.match(new RegExp(\r\n        \"(?:^|; )\" + name.replace(\/([\\.$?*|{}\\(\\)\\[\\]\\\\\\\/\\+^])\/g, '\\\\$1') + \"=([^;]*)\"\r\n        ));\r\n        return matches ? decodeURIComponent(matches[1]) : undefined;\r\n    }\r\n\r\n    const uuidValue = getCookie(\"UUID\");\r\n\r\n    if (uuidValue !== null && uuidValue !== undefined && uuidValue.trim() !== \"\") {\r\n        const visitorElement = document.getElementById(\"VisiteurValue\");\r\n        if (visitorElement) {\r\n            visitorElement.value = uuidValue;\r\n        }\r\n    }\r\n\r\n});\r\n   \r\n\r\n<\/script>                <\/div>\r\n            <\/form>\r\n            <style>\r\n                #formulaire-responsive {\r\n\tmax-width:600px \/*-- \u00e0 modifier en fonction de la largeur d\u00e9sir\u00e9e --*\/;\r\n\tmargin:0 auto;\r\n        width:100%;\r\n}\r\n.rang-form {\r\n\twidth: 100%;\r\n}\r\n.demi-colonne, .colonne {\r\n\tfloat: left;\r\n\tposition: relative;\r\n    padding: 6px;\r\n\twidth:100%;\r\n\t-webkit-box-sizing: border-box;\r\n        -moz-box-sizing: border-box;\r\n        box-sizing: border-box\r\n}\r\n.clearfix:after {\r\n\tcontent: \"\";\r\n\tdisplay: table;\r\n\tclear: both;\r\n}\r\n\r\n\/**---------------- Media query ----------------**\/\r\n@media only screen and (min-width: 48em) { \r\n\t.demi-colonne {\r\n\t\twidth: 50%;\r\n    padding: 6px;\r\n\r\n\t}\r\n}\r\n\r\nform#cssignup_form_22 {\r\n    border:1px solid transparent;\r\n    border-radius: 3px;    padding: 5px;\r\n    -moz-box-sizing:border-box;\r\n    -webkit-box-sizing: border-box;\r\n    box-sizing: border-box;\r\n}\r\nform#cssignup_form_22 input[type=text],form#cssignup_form_22 input[type=email],form#cssignup_form_22 input[type=tel], form#cssignup_form_22 select {    border:1px solid transparent;\r\n    border-radius: 3px;\r\n    width: 100%;\r\n    border: 1px solid grey;\r\n    height: auto;\r\n    margin: 2px 0 0 0;\r\npadding: 8px;\r\n}\r\nform#cssignup_form_22 .cs-default-btn {\t\r\n    float: right;\r\n    margin: 5px 0;\r\n    padding: 6px 12px;\r\n    color:#FFFFFF;\r\n    background-color: #2DAA4F;\r\n    font-size: 14px;\r\n    font-weight:400;\r\n    line-height: 1.4285;\r\n    text-align: center;\r\n    cursor: pointer;\r\n    vertical-align: middle;\r\n    -webkit-user-select:none;\r\n    -moz-user-select:none;\r\n    -ms-user-select:none;\r\n    user-select:none;\r\n    white-space: normal;\r\n    border:1px solid transparent;\r\n    border-radius: 14px;\r\n}\r\n\r\n\r\nform].cs-Souscription_Newsletter-area{\r\ncolor:white!important\r\n}\r\n\r\n\r\nform#cssignup_form_22 .cs-default-btn:hover {\r\n    background-color: #46CC6B;\r\nbox-shadow: 0px 5px 20px #f4f4f4;\r\n}\r\nform#cssignup_form_22 p{\r\n    margin: 10px 0 0 0;\r\n}form#cssignup_form_22 p.cs-alert-message {\r\n    padding: 6px 12px;\r\n    margin-bottom: 20px;\r\n    border: 1px solid transparent;\r\n    border-radius: 4px;\r\n    -webkit-box-sizing: border-box;\r\n    -moz-box-sizing: border-box;\r\n    box-sizing: border-box;\r\n}\r\nform#cssignup_form_22 p.cs-alert-message-error {\r\n    background-color: #f2dede;\r\n    border-color: #ebccd1;\r\n    color: #a94442;\r\n}\r\nform#cssignup_form_22 p.cs-alert-message-success {\r\n    background-color: #dff0d8;\r\n    border-color: #d6e9c6;\r\n    color: #3c763d;\r\n}\r\nform#cssignup_form_22 p.cs-alert-message-warning {\r\n    background-color: #fcf8e3;\r\n    border-color: #faebcc;\r\n    color: #8a6d3b;\r\n}            <\/style>\r\n            <\/p>\n","protected":false},"author":5,"featured_media":0,"parent":0,"menu_order":0,"comment_status":"closed","ping_status":"closed","template":"","meta":{"_et_pb_use_builder":"on","_et_pb_old_content":"","_et_gb_content_width":"","inline_featured_image":false,"_uag_custom_page_level_css":"","footnotes":""},"class_list":["post-28715","page","type-page","status-publish","hentry"],"aioseo_notices":[],"uagb_featured_image_src":{"full":false,"thumbnail":false,"medium":false,"medium_large":false,"large":false,"1536x1536":false,"2048x2048":false,"et-pb-post-main-image":false,"et-pb-post-main-image-fullwidth":false,"et-pb-portfolio-image":false,"et-pb-portfolio-module-image":false,"et-pb-portfolio-image-single":false,"et-pb-gallery-module-image-portrait":false,"et-pb-post-main-image-fullwidth-large":false,"et-pb-image--responsive--desktop":false,"et-pb-image--responsive--tablet":false,"et-pb-image--responsive--phone":false},"uagb_author_info":{"display_name":"Antoine El Khawand","author_link":"https:\/\/www.cirrus-shield.fr\/en\/article\/author\/antoine\/"},"uagb_comment_info":0,"uagb_excerpt":"Download our free Cirrus Shield documents for your training organization. [cswp_form id=22]","_links":{"self":[{"href":"https:\/\/www.cirrus-shield.fr\/en\/wp-json\/wp\/v2\/pages\/28715","targetHints":{"allow":["GET"]}}],"collection":[{"href":"https:\/\/www.cirrus-shield.fr\/en\/wp-json\/wp\/v2\/pages"}],"about":[{"href":"https:\/\/www.cirrus-shield.fr\/en\/wp-json\/wp\/v2\/types\/page"}],"author":[{"embeddable":true,"href":"https:\/\/www.cirrus-shield.fr\/en\/wp-json\/wp\/v2\/users\/5"}],"replies":[{"embeddable":true,"href":"https:\/\/www.cirrus-shield.fr\/en\/wp-json\/wp\/v2\/comments?post=28715"}],"version-history":[{"count":16,"href":"https:\/\/www.cirrus-shield.fr\/en\/wp-json\/wp\/v2\/pages\/28715\/revisions"}],"predecessor-version":[{"id":32796,"href":"https:\/\/www.cirrus-shield.fr\/en\/wp-json\/wp\/v2\/pages\/28715\/revisions\/32796"}],"wp:attachment":[{"href":"https:\/\/www.cirrus-shield.fr\/en\/wp-json\/wp\/v2\/media?parent=28715"}],"curies":[{"name":"wp","href":"https:\/\/api.w.org\/{rel}","templated":true}]}}